{"id":5912,"date":"2024-01-29T10:25:06","date_gmt":"2024-01-29T09:25:06","guid":{"rendered":"https:\/\/demo.themnific.com\/citygov\/?page_id=5912"},"modified":"2024-04-22T07:43:50","modified_gmt":"2024-04-22T05:43:50","slug":"actual-djibouti","status":"publish","type":"page","link":"https:\/\/djibembassyindia.dj\/index.php\/actual-djibouti\/","title":{"rendered":"Djibouti Actuel"},"content":{"rendered":"\t\t<div data-elementor-type=\"wp-page\" data-elementor-id=\"5912\" class=\"elementor elementor-5912\">\n\t\t\t\t\t\t<section class=\"elementor-section elementor-top-section elementor-element elementor-element-3f49caa8 elementor-section-full_width elementor-section-height-min-height elementor-section-height-default elementor-section-items-middle\" data-id=\"3f49caa8\" data-element_type=\"section\">\n\t\t\t\t\t\t<div class=\"elementor-container elementor-column-gap-no\">\n\t\t\t\t\t<div class=\"elementor-column elementor-col-100 elementor-top-column elementor-element elementor-element-33e7ab33\" data-id=\"33e7ab33\" data-element_type=\"column\">\n\t\t\t<div class=\"elementor-widget-wrap elementor-element-populated\">\n\t\t\t\t\t\t<div class=\"elementor-element elementor-element-b3f3f6c elementor-widget elementor-widget-shortcode\" data-id=\"b3f3f6c\" data-element_type=\"widget\" data-widget_type=\"shortcode.default\">\n\t\t\t\t<div class=\"elementor-widget-container\">\n\t\t\t\t\t<div class=\"elementor-shortcode\">    <div class=\"wpm_eleslider_wrap\">\r\n    \r\n        <img decoding=\"async\" src=\"https:\/\/djibembassyindia.dj\/wp-content\/plugins\/eleslider\/assets\/images\/tail-spin.svg\" width=\"40\" alt=\"\">\r\n        \r\n        <div class=\"wpm_eleslider loop owl-carousel loading dots_text_\">\r\n    \r\n                        \r\n                                      \r\n                <div class=\"eleinside eleinside_Left\" data-dot=\"Welcome to the embassy\">\r\n                    \r\n                                            \r\n                             <a href=\"\" title=\"Welcome to the embassy\" >\r\n                             \r\n                                <img fetchpriority=\"high\" decoding=\"async\" width=\"1920\" height=\"900\" src=\"https:\/\/djibembassyindia.dj\/wp-content\/uploads\/2018\/09\/a2f80d98b75f-73669065_4K-1920x900.jpg\" class=\"tranz bg_image wp-post-image\" alt=\"\" \/>                                \r\n                             <\/a>\r\n                        \r\n                                        \r\n                    <div class=\"eleslideinside tranz \">\r\n                    \r\n                        <h1 class=\"dekoline dekoline_large\">Bienvenue \u00e0 l&#8217;Ambassade de Djibouti en Inde!<\/h1>\n<p>D\u00e9couvrez la richesse culturelle et les opportunit\u00e9s infinies de notre nation amicale.<\/p>\n                    \r\n                    <\/div>\r\n                            \r\n                <\/div>\r\n                \r\n                        \r\n                                      \r\n                <div class=\"eleinside eleinside_Left\" data-dot=\"Connect with us\">\r\n                    \r\n                                            \r\n                             <a href=\"\" title=\"Connect with us\" >\r\n                             \r\n                                <img decoding=\"async\" width=\"1920\" height=\"900\" src=\"https:\/\/djibembassyindia.dj\/wp-content\/uploads\/2024\/02\/slider3.jpg\" class=\"tranz bg_image wp-post-image\" alt=\"\" srcset=\"https:\/\/djibembassyindia.dj\/wp-content\/uploads\/2024\/02\/slider3.jpg 1920w, https:\/\/djibembassyindia.dj\/wp-content\/uploads\/2024\/02\/slider3-300x141.jpg 300w, https:\/\/djibembassyindia.dj\/wp-content\/uploads\/2024\/02\/slider3-1024x480.jpg 1024w, https:\/\/djibembassyindia.dj\/wp-content\/uploads\/2024\/02\/slider3-768x360.jpg 768w, https:\/\/djibembassyindia.dj\/wp-content\/uploads\/2024\/02\/slider3-1536x720.jpg 1536w\" sizes=\"(max-width: 1920px) 100vw, 1920px\" \/>                                \r\n                             <\/a>\r\n                        \r\n                                        \r\n                    <div class=\"eleslideinside tranz \">\r\n                    \r\n                        <h2 class=\"dekoline dekoline_large\">Connectez-vous avec l&#8217;Ambassade de Djibouti en Inde<\/h2>\n<p>Favoriser les liens diplomatiques, culturels et \u00e9conomiques entre nos nations.<\/p>\n                    \r\n                    <\/div>\r\n                            \r\n                <\/div>\r\n                \r\n                        \r\n                                      \r\n                <div class=\"eleinside eleinside_Left\" data-dot=\"Welcome\">\r\n                    \r\n                                            \r\n                             <a href=\"\" title=\"Welcome\" >\r\n                             \r\n                                <img decoding=\"async\" width=\"1920\" height=\"900\" src=\"https:\/\/djibembassyindia.dj\/wp-content\/uploads\/2018\/09\/city-street-1082278_1920-edit-1920x9001-1.jpg\" class=\"tranz bg_image wp-post-image\" alt=\"\" srcset=\"https:\/\/djibembassyindia.dj\/wp-content\/uploads\/2018\/09\/city-street-1082278_1920-edit-1920x9001-1.jpg 1920w, https:\/\/djibembassyindia.dj\/wp-content\/uploads\/2018\/09\/city-street-1082278_1920-edit-1920x9001-1-300x141.jpg 300w, https:\/\/djibembassyindia.dj\/wp-content\/uploads\/2018\/09\/city-street-1082278_1920-edit-1920x9001-1-1024x480.jpg 1024w, https:\/\/djibembassyindia.dj\/wp-content\/uploads\/2018\/09\/city-street-1082278_1920-edit-1920x9001-1-768x360.jpg 768w, https:\/\/djibembassyindia.dj\/wp-content\/uploads\/2018\/09\/city-street-1082278_1920-edit-1920x9001-1-1536x720.jpg 1536w\" sizes=\"(max-width: 1920px) 100vw, 1920px\" \/>                                \r\n                             <\/a>\r\n                        \r\n                                        \r\n                    <div class=\"eleslideinside tranz \">\r\n                    \r\n                        <h2 class=\"dekoline dekoline_large\">Sites Touristique de Djibouti<\/h2>\n<p>Apprenez plus sur les sites touristique de Djibouti !<\/p>\n                    \r\n                    <\/div>\r\n                            \r\n                <\/div>\r\n                \r\n                \r\n        \r\n  \r\n        \r\n        <\/div>\r\n    <\/div> \r\n    <div class=\"clearfix\"><\/div>\r\n    \t<\/div>\n\t\t\t\t<\/div>\n\t\t\t\t<\/div>\n\t\t\t\t\t<\/div>\n\t\t<\/div>\n\t\t\t\t\t<\/div>\n\t\t<\/section>\n\t\t<div class=\"elementor-element elementor-element-3d14040 e-flex e-con-boxed e-con e-parent\" data-id=\"3d14040\" data-element_type=\"container\" data-settings=\"{&quot;content_width&quot;:&quot;boxed&quot;}\" data-core-v316-plus=\"true\">\n\t\t\t\t\t<div class=\"e-con-inner\">\n\t\t\t\t<div class=\"elementor-element elementor-element-08e3c8c elementor-invisible elementor-widget elementor-widget-heading\" data-id=\"08e3c8c\" data-element_type=\"widget\" data-settings=\"{&quot;_animation&quot;:&quot;fadeInDown&quot;}\" data-widget_type=\"heading.default\">\n\t\t\t\t<div class=\"elementor-widget-container\">\n\t\t\t<style>\/*! elementor - v3.19.0 - 29-01-2024 *\/\n.elementor-heading-title{padding:0;margin:0;line-height:1}.elementor-widget-heading .elementor-heading-title[class*=elementor-size-]>a{color:inherit;font-size:inherit;line-height:inherit}.elementor-widget-heading .elementor-heading-title.elementor-size-small{font-size:15px}.elementor-widget-heading .elementor-heading-title.elementor-size-medium{font-size:19px}.elementor-widget-heading .elementor-heading-title.elementor-size-large{font-size:29px}.elementor-widget-heading .elementor-heading-title.elementor-size-xl{font-size:39px}.elementor-widget-heading .elementor-heading-title.elementor-size-xxl{font-size:59px}<\/style><h2 class=\"elementor-heading-title elementor-size-default\">Pr\u00e9sentation G\u00e9n\u00e9ral<\/h2>\t\t<\/div>\n\t\t\t\t<\/div>\n\t\t\t\t<div class=\"elementor-element elementor-element-a16b86d animated-slow elementor-invisible elementor-widget elementor-widget-heading\" data-id=\"a16b86d\" data-element_type=\"widget\" data-settings=\"{&quot;_animation&quot;:&quot;slideInLeft&quot;}\" data-widget_type=\"heading.default\">\n\t\t\t\t<div class=\"elementor-widget-container\">\n\t\t\t<h1 class=\"elementor-heading-title elementor-size-default\">DJIBOUTI ACTUEL<\/h1>\t\t<\/div>\n\t\t\t\t<\/div>\n\t\t\t\t\t<\/div>\n\t\t\t\t<\/div>\n\t\t<div class=\"elementor-element elementor-element-a3858c8 e-con-full e-flex e-con e-parent\" data-id=\"a3858c8\" data-element_type=\"container\" data-settings=\"{&quot;content_width&quot;:&quot;full&quot;}\" data-core-v316-plus=\"true\">\n\t\t<div class=\"elementor-element elementor-element-f7761ff e-con-full e-flex e-con e-child\" data-id=\"f7761ff\" data-element_type=\"container\" data-settings=\"{&quot;content_width&quot;:&quot;full&quot;}\">\n\t\t<div class=\"elementor-element elementor-element-98dbb98 e-con-full e-flex e-con e-child\" data-id=\"98dbb98\" data-element_type=\"container\" data-settings=\"{&quot;content_width&quot;:&quot;full&quot;}\">\n\t\t\t\t<div class=\"elementor-element elementor-element-b45bc6a elementor-widget-tablet__width-initial elementor-invisible elementor-widget elementor-widget-text-editor\" data-id=\"b45bc6a\" data-element_type=\"widget\" data-settings=\"{&quot;_animation&quot;:&quot;fadeInLeft&quot;}\" data-widget_type=\"text-editor.default\">\n\t\t\t\t<div class=\"elementor-widget-container\">\n\t\t\t<style>\/*! elementor - v3.19.0 - 29-01-2024 *\/\n.elementor-widget-text-editor.elementor-drop-cap-view-stacked .elementor-drop-cap{background-color:#69727d;color:#fff}.elementor-widget-text-editor.elementor-drop-cap-view-framed .elementor-drop-cap{color:#69727d;border:3px solid;background-color:transparent}.elementor-widget-text-editor:not(.elementor-drop-cap-view-default) .elementor-drop-cap{margin-top:8px}.elementor-widget-text-editor:not(.elementor-drop-cap-view-default) .elementor-drop-cap-letter{width:1em;height:1em}.elementor-widget-text-editor .elementor-drop-cap{float:left;text-align:center;line-height:1;font-size:50px}.elementor-widget-text-editor .elementor-drop-cap-letter{display:inline-block}<\/style>\t\t\t\t<p>Le territoire correspondant \u00e0 l\u2019actuelle R\u00e9publique de Djibouti a toujours \u00e9t\u00e9 un carrefour culturel et commercial entre l&#8217;Afrique, l&#8217;Asie et l&#8217;Arabie notamment les contacts avec les pays arabes s&#8217;intensifient au VIIe si\u00e8cle avec la propagation de l&#8217;islam dans cette r\u00e9gion et la cr\u00e9ation de royaumes musulmans. Les premi\u00e8res relations fortes avec l&#8217;Europe remontent \u00e0 1839. En 1862 un trait\u00e9 est sign\u00e9 entre les chefs coutumiers et la France et ce territoire devient une colonie de la France jusqu\u2019\u00e0 son accession \u00e0 l\u2019ind\u00e9pendance le 27 Juin 1977 sous le nom de la R\u00e9publique de Djibouti.<\/p>\t\t\t\t\t\t<\/div>\n\t\t\t\t<\/div>\n\t\t\t\t<\/div>\n\t\t<div class=\"elementor-element elementor-element-4d03984 e-flex e-con-boxed elementor-invisible e-con e-child\" data-id=\"4d03984\" data-element_type=\"container\" data-settings=\"{&quot;animation&quot;:&quot;fadeInUp&quot;,&quot;content_width&quot;:&quot;boxed&quot;}\">\n\t\t\t\t\t<div class=\"e-con-inner\">\n\t\t\t\t<div class=\"elementor-element elementor-element-4293cb5 elementor-widget elementor-widget-heading\" data-id=\"4293cb5\" data-element_type=\"widget\" data-widget_type=\"heading.default\">\n\t\t\t\t<div class=\"elementor-widget-container\">\n\t\t\t<h3 class=\"elementor-heading-title elementor-size-default\">Djibouti, <br>un pays Strategique<\/h3>\t\t<\/div>\n\t\t\t\t<\/div>\n\t\t\t\t\t<\/div>\n\t\t\t\t<\/div>\n\t\t\t\t<\/div>\n\t\t<div class=\"elementor-element elementor-element-0ea6701 e-con-full elementor-hidden-tablet e-transform e-flex e-con e-child\" data-id=\"0ea6701\" data-element_type=\"container\" data-settings=\"{&quot;content_width&quot;:&quot;full&quot;,&quot;_transform_translateX_effect&quot;:{&quot;unit&quot;:&quot;px&quot;,&quot;size&quot;:47,&quot;sizes&quot;:[]},&quot;_transform_translateX_effect_mobile&quot;:{&quot;unit&quot;:&quot;px&quot;,&quot;size&quot;:3,&quot;sizes&quot;:[]},&quot;_transform_translateX_effect_tablet&quot;:{&quot;unit&quot;:&quot;px&quot;,&quot;size&quot;:&quot;&quot;,&quot;sizes&quot;:[]},&quot;_transform_translateY_effect&quot;:{&quot;unit&quot;:&quot;px&quot;,&quot;size&quot;:&quot;&quot;,&quot;sizes&quot;:[]},&quot;_transform_translateY_effect_tablet&quot;:{&quot;unit&quot;:&quot;px&quot;,&quot;size&quot;:&quot;&quot;,&quot;sizes&quot;:[]},&quot;_transform_translateY_effect_mobile&quot;:{&quot;unit&quot;:&quot;px&quot;,&quot;size&quot;:&quot;&quot;,&quot;sizes&quot;:[]}}\">\n\t\t\t\t<div class=\"elementor-element elementor-element-ef81e37 e-transform elementor-widget elementor-widget-image\" data-id=\"ef81e37\" data-element_type=\"widget\" data-settings=\"{&quot;_transform_translateX_effect&quot;:{&quot;unit&quot;:&quot;%&quot;,&quot;size&quot;:-13,&quot;sizes&quot;:[]},&quot;_transform_translateX_effect_tablet&quot;:{&quot;unit&quot;:&quot;%&quot;,&quot;size&quot;:&quot;&quot;,&quot;sizes&quot;:[]},&quot;_transform_translateX_effect_mobile&quot;:{&quot;unit&quot;:&quot;%&quot;,&quot;size&quot;:&quot;&quot;,&quot;sizes&quot;:[]},&quot;_transform_translateY_effect&quot;:{&quot;unit&quot;:&quot;px&quot;,&quot;size&quot;:&quot;&quot;,&quot;sizes&quot;:[]},&quot;_transform_translateY_effect_tablet&quot;:{&quot;unit&quot;:&quot;px&quot;,&quot;size&quot;:&quot;&quot;,&quot;sizes&quot;:[]},&quot;_transform_translateY_effect_mobile&quot;:{&quot;unit&quot;:&quot;px&quot;,&quot;size&quot;:&quot;&quot;,&quot;sizes&quot;:[]}}\" data-widget_type=\"image.default\">\n\t\t\t\t<div class=\"elementor-widget-container\">\n\t\t\t<style>\/*! elementor - v3.19.0 - 29-01-2024 *\/\n.elementor-widget-image{text-align:center}.elementor-widget-image a{display:inline-block}.elementor-widget-image a img[src$=\".svg\"]{width:48px}.elementor-widget-image img{vertical-align:middle;display:inline-block}<\/style>\t\t\t\t\t\t\t\t\t\t<img decoding=\"async\" src=\"https:\/\/djibembassyindia.dj\/wp-content\/uploads\/2024\/02\/djibouti-map.jpg\" title=\"djibouti-map\" alt=\"djibouti-map\" loading=\"lazy\" \/>\t\t\t\t\t\t\t\t\t\t\t\t\t<\/div>\n\t\t\t\t<\/div>\n\t\t\t\t<\/div>\n\t\t<div class=\"elementor-element elementor-element-692e428 e-con-full elementor-hidden-mobile e-flex e-con e-child\" data-id=\"692e428\" data-element_type=\"container\" data-settings=\"{&quot;content_width&quot;:&quot;full&quot;}\">\n\t\t\t\t<div class=\"elementor-element elementor-element-957b57a elementor-widget-tablet__width-inherit elementor-widget elementor-widget-sidebar\" data-id=\"957b57a\" data-element_type=\"widget\" data-widget_type=\"sidebar.default\">\n\t\t\t\t<div class=\"elementor-widget-container\">\n\t\t\t<div class=\"sidebar_item\"><h3 class=\"widget dekoline\">Plus d&#8217;information<\/h3><div class=\"menu-presentation-general-container\"><ul id=\"menu-presentation-general\" class=\"menu\"><li id=\"menu-item-7219\" class=\"menu-item menu-item-type-post_type menu-item-object-page menu-item-7219\"><a href=\"https:\/\/djibembassyindia.dj\/index.php\/actual-djibouti\/\">Djibouti Actuel<\/a><\/li>\n<li id=\"menu-item-7220\" class=\"menu-item menu-item-type-post_type menu-item-object-page menu-item-7220\"><a href=\"https:\/\/djibembassyindia.dj\/index.php\/economie\/\">\u00c9conomie<\/a><\/li>\n<li id=\"menu-item-7401\" class=\"menu-item menu-item-type-post_type menu-item-object-page menu-item-7401\"><a href=\"https:\/\/djibembassyindia.dj\/index.php\/investissement\/\">Investissement<\/a><\/li>\n<li id=\"menu-item-7400\" class=\"menu-item menu-item-type-post_type menu-item-object-page menu-item-7400\"><a href=\"https:\/\/djibembassyindia.dj\/index.php\/tourisme\/\">Tourisme<\/a><\/li>\n<li id=\"menu-item-7402\" class=\"menu-item menu-item-type-post_type menu-item-object-page menu-item-7402\"><a href=\"https:\/\/djibembassyindia.dj\/index.php\/relation\/\">R\u00e9lation<\/a><\/li>\n<\/ul><\/div><\/div>\t\t<\/div>\n\t\t\t\t<\/div>\n\t\t\t\t<\/div>\n\t\t\t\t<\/div>\n\t\t<div class=\"elementor-element elementor-element-2ceb232 e-flex e-con-boxed e-con e-parent\" data-id=\"2ceb232\" data-element_type=\"container\" data-settings=\"{&quot;content_width&quot;:&quot;boxed&quot;}\" data-core-v316-plus=\"true\">\n\t\t\t\t\t<div class=\"e-con-inner\">\n\t\t\t\t<div class=\"elementor-element elementor-element-0d2c150 elementor-widget__width-inherit animated-slow elementor-invisible elementor-widget elementor-widget-text-editor\" data-id=\"0d2c150\" data-element_type=\"widget\" data-settings=\"{&quot;_animation&quot;:&quot;fadeInRight&quot;}\" data-widget_type=\"text-editor.default\">\n\t\t\t\t<div class=\"elementor-widget-container\">\n\t\t\t\t\t\t\t<p>La R\u00e9publique de Djibouti se trouve \u00e0 mi-distance de l\u2019Equateur et du Tropique du Cancer. Sa\nsituation sur la c\u00f4te orientale de l\u2019Afrique au d\u00e9bouch\u00e9 de la Mer Rouge et du Golfe d\u2019Aden,\nc\u2019est-\u00e0-dire entre suez et l\u2019Extr\u00eame-Orient fut avec le voisinage des riches provinces de\nl\u2019Abyssinie \u00e0 l\u2019origine de son importance strat\u00e9gique.\nDjibouti poss\u00e8de \u00e0 la fois des fronti\u00e8res continentales et maritimes : 520 kilom\u00e8tres de\nfronti\u00e8res terrestres limitent le territoire, au nord, \u00e0 l\u2019ouest et au sud, de l\u2019Ethiopie, et au\nsud-est, de la Somalie. 370 km de c\u00f4tes s\u2019\u00e9tendent du Ras Doumeira, au nord, au village de\nLoyada, au sud. Sa superficie totale est de l\u2019ordre de 23 669 km2.<\/p>\t\t\t\t\t\t<\/div>\n\t\t\t\t<\/div>\n\t\t\t\t<div class=\"elementor-element elementor-element-6defc34 elementor-widget__width-inherit elementor-widget elementor-widget-heading\" data-id=\"6defc34\" data-element_type=\"widget\" data-widget_type=\"heading.default\">\n\t\t\t\t<div class=\"elementor-widget-container\">\n\t\t\t<h2 class=\"elementor-heading-title elementor-size-default\">Climat<\/h2>\t\t<\/div>\n\t\t\t\t<\/div>\n\t\t\t\t\t<\/div>\n\t\t\t\t<\/div>\n\t\t<div class=\"elementor-element elementor-element-858740a e-flex e-con-boxed e-con e-parent\" data-id=\"858740a\" data-element_type=\"container\" data-settings=\"{&quot;content_width&quot;:&quot;boxed&quot;}\" data-core-v316-plus=\"true\">\n\t\t\t\t\t<div class=\"e-con-inner\">\n\t\t\t\t<div class=\"elementor-element elementor-element-ab70b69 elementor-widget__width-inherit elementor-widget elementor-widget-text-editor\" data-id=\"ab70b69\" data-element_type=\"widget\" data-widget_type=\"text-editor.default\">\n\t\t\t\t<div class=\"elementor-widget-container\">\n\t\t\t\t\t\t\t<p>Le climat de Djibouti est tropical d\u00e9sertique sur la c\u00f4te et dans le nord, tandis qu\u2019il devient semi-d\u00e9sertique sur les hauteurs du centre-sud. Djibouti est un pays situe dans la corne de l\u2019Afrique, \u00e0 mi-chemin entre l\u2019\u00e9quateur et le tropique du cancer. Sur la c\u00f4te, o\u00f9 on trouve la capitale, il fait chaud toute l\u2019ann\u00e9e. Dans la p\u00e9riode qu\u2019on peut appeler \u00ab hiver \u00bb, de d\u00e9cembre \u00e0 f\u00e9vrier, la temp\u00e9rature est \u00e9lev\u00e9e, autour de 28\/30\u00b0C pendant la journ\u00e9e. Le soleil brille, les pluies sont rares et l\u2019air est humide, mais il y\u2019a le souffle de la brise. Dans les zones int\u00e9rieures le climat devient semi-d\u00e9sertique sur les hauteurs du centre et du sud, en particulier dans le Parc national de la for\u00eat de Day, o\u00f9 on trouve des montagnes qui atteignent 1 700 m\u00e8tres et des canyons, ou dans des villes du sud comme Randa, Arta, et Holl Holl. Dans le nord, au contraire, on trouve le mont Moussa Ali, le plus haut sommet du pays avec ses 2 000 m\u00e8tres, qui cependant est d\u00e9sertique.<br>En fait, les r\u00e9gions int\u00e9rieures centrales et m\u00e9ridionales peuvent recevoir un peu de pluie dans la p\u00e9riode de juillet \u00e0 octobre car elles sont effleur\u00e9es par la mousson de la mer d&#8217;Arabie, et aussi un peu de pluie au cours de l&#8217;hiver, de novembre \u00e0 mars. Les averses sont rares, mais parfois peuvent remplir les oueds, les lits des rivi\u00e8res qui restent \u00e0 sec la plupart de l&#8217;ann\u00e9e, mais peuvent \u00eatre transform\u00e9s en torrents et d\u00e9border, cr\u00e9ant des glissements de terrain et des inondations, comme ce fut le cas en novembre 1994, en avril 2004 et en mars 2013. Dans les hauteurs du centre et du sud, la pluviom\u00e9trie annuelle va de 200 \u00e0 300 mm.<\/p>\t\t\t\t\t\t<\/div>\n\t\t\t\t<\/div>\n\t\t\t\t\t<\/div>\n\t\t\t\t<\/div>\n\t\t\t\t<\/div>\n\t\t","protected":false},"excerpt":{"rendered":"<p>Pr\u00e9sentation G\u00e9n\u00e9ral DJIBOUTI ACTUEL Le territoire correspondant \u00e0 l\u2019actuelle R\u00e9publique de Djibouti a toujours \u00e9t\u00e9 un carrefour culturel et commercial entre l&#8217;Afrique, l&#8217;Asie et l&#8217;Arabie notamment les contacts avec les pays arabes s&#8217;intensifient au VIIe si\u00e8cle avec la propagation de l&#8217;islam dans cette r\u00e9gion et la cr\u00e9ation de royaumes musulmans. Les premi\u00e8res relations fortes avec &hellip;<\/p>\n","protected":false},"author":1,"featured_media":0,"parent":0,"menu_order":0,"comment_status":"closed","ping_status":"closed","template":"elementor_header_footer","meta":{"om_disable_all_campaigns":false,"_monsterinsights_skip_tracking":false,"_monsterinsights_sitenote_active":false,"_monsterinsights_sitenote_note":"","_monsterinsights_sitenote_category":0,"_uf_show_specific_survey":0,"_uf_disable_surveys":false,"footnotes":""},"aioseo_notices":[],"_links":{"self":[{"href":"https:\/\/djibembassyindia.dj\/index.php\/wp-json\/wp\/v2\/pages\/5912"}],"collection":[{"href":"https:\/\/djibembassyindia.dj\/index.php\/wp-json\/wp\/v2\/pages"}],"about":[{"href":"https:\/\/djibembassyindia.dj\/index.php\/wp-json\/wp\/v2\/types\/page"}],"author":[{"embeddable":true,"href":"https:\/\/djibembassyindia.dj\/index.php\/wp-json\/wp\/v2\/users\/1"}],"replies":[{"embeddable":true,"href":"https:\/\/djibembassyindia.dj\/index.php\/wp-json\/wp\/v2\/comments?post=5912"}],"version-history":[{"count":91,"href":"https:\/\/djibembassyindia.dj\/index.php\/wp-json\/wp\/v2\/pages\/5912\/revisions"}],"predecessor-version":[{"id":7681,"href":"https:\/\/djibembassyindia.dj\/index.php\/wp-json\/wp\/v2\/pages\/5912\/revisions\/7681"}],"wp:attachment":[{"href":"https:\/\/djibembassyindia.dj\/index.php\/wp-json\/wp\/v2\/media?parent=5912"}],"curies":[{"name":"wp","href":"https:\/\/api.w.org\/{rel}","templated":true}]}}